{"id":129,"date":"2020-02-26T12:34:39","date_gmt":"2020-02-26T12:34:39","guid":{"rendered":"http:\/\/eatonblog.cl\/home\/?page_id=129"},"modified":"2020-10-26T17:28:25","modified_gmt":"2020-10-26T17:28:25","slug":"diseno","status":"publish","type":"page","link":"https:\/\/eatonblog.cl\/home\/diseno\/","title":{"rendered":"Dise\u00f1o"},"content":{"rendered":"\n<div class=\"wp-block-image\"><figure class=\"aligncenter size-full\"><img loading=\"lazy\" width=\"1300\" height=\"260\" src=\"https:\/\/eatonblog.cl\/home\/wp-content\/uploads\/2020\/10\/disen\u0303o.png\" alt=\"\" class=\"wp-image-783\" srcset=\"https:\/\/eatonblog.cl\/home\/wp-content\/uploads\/2020\/10\/disen\u0303o.png 1300w, https:\/\/eatonblog.cl\/home\/wp-content\/uploads\/2020\/10\/disen\u0303o-300x60.png 300w, https:\/\/eatonblog.cl\/home\/wp-content\/uploads\/2020\/10\/disen\u0303o-1024x205.png 1024w, https:\/\/eatonblog.cl\/home\/wp-content\/uploads\/2020\/10\/disen\u0303o-768x154.png 768w\" sizes=\"(max-width: 1300px) 100vw, 1300px\" \/><\/figure><\/div>\n\n\n\n<h2 class=\"has-text-color\" style=\"color:#0072bb\"><strong>Dise\u00f1o: Servicios de ingenier\u00eda y consultor\u00eda.<\/strong><\/h2>\n\n\n\n<hr class=\"wp-block-separator is-style-default\"\/>\n\n\n\n<div class=\"wp-block-columns\">\n<div class=\"wp-block-column\">\n<p class=\"has-text-align-center\"><em>\u00bfEst\u00e1 dise\u00f1ando o ampliado su planta?<\/em><\/p>\n\n\n\n<p class=\"has-text-align-center\"><em>\u00bfEnfrentando fallas repetitivas?<\/em><\/p>\n\n\n\n<p class=\"has-text-align-center\"><em>\u00bfModificando su filosof\u00eda de operaci\u00f3n?<\/em><\/p>\n\n\n\n<p class=\"has-text-align-center\"><em>\u00bfIncrementando cargas?<\/em><\/p>\n<\/div>\n\n\n\n<div class=\"wp-block-column\">\n<p class=\"has-text-align-center\"><em>\u00bfImplementando nuevos procesos?<\/em><\/p>\n\n\n\n<p class=\"has-text-align-center\"><em>\u00bfIncrementando costos de mantenimiento?<\/em><\/p>\n\n\n\n<p class=\"has-text-align-center\"><em>\u00bfIdentificar riesgos?<\/em><\/p>\n<\/div>\n<\/div>\n\n\n\n<p>Los servicios de ingenier\u00eda y consultor\u00eda de <strong>Eaton<\/strong> se enfocan en entender sus requerimientos de negocio, y de optimizar su sistema de energ\u00eda para satisfacer sus necesidades. Nuestros ingenieros podr\u00e1n ayudar a diagnosticar problemas, identificar formas de mejorar el rendimiento o generar soluciones flexibles y pr\u00e1cticas que puedan maximizar la productividad del uso de los activos.<\/p>\n\n\n\n<div class=\"wp-block-columns\">\n<div class=\"wp-block-column\">\n<ul><li> Consultor\u00eda<\/li><li>Dise\u00f1o y servicios de ingenier\u00eda<\/li><li>Estudios en sistemas el\u00e9ctricos<\/li><li>Estudios en calidad de energ\u00eda<\/li><\/ul>\n<\/div>\n\n\n\n<div class=\"wp-block-column\">\n<ul><li> Estudios de gesti\u00f3n de energ\u00eda<\/li><li>Estudios de Selectividad y coordinaci\u00f3n de protecciones<\/li><li>Estudios de seguridad el\u00e9ctrica<\/li><li>Estudios de \u201cArc Flash\u201d  <\/li><\/ul>\n<\/div>\n<\/div>\n","protected":false},"excerpt":{"rendered":"<p>Dise\u00f1o: Servicios de ingenier\u00eda y consultor\u00eda. \u00bfEst\u00e1 dise\u00f1ando o ampliado su planta? \u00bfEnfrentando fallas repetitivas? \u00bfModificando su filosof\u00eda de operaci\u00f3n? \u00bfIncrementando cargas? \u00bfImplementando nuevos procesos? \u00bfIncrementando costos de mantenimiento? \u00bfIdentificar riesgos? Los servicios de ingenier\u00eda y consultor\u00eda de Eaton se enfocan en entender sus requerimientos de negocio, y de optimizar su sistema de energ\u00eda para<a class=\"moretag\" href=\"https:\/\/eatonblog.cl\/home\/diseno\/\"><span class=\"screen-reader-text\">Read more about Dise\u00f1o<\/span>[&#8230;]<\/a><\/p>\n","protected":false},"author":1,"featured_media":0,"parent":0,"menu_order":0,"comment_status":"closed","ping_status":"closed","template":"","meta":{"advgb_blocks_editor_width":"","advgb_blocks_columns_visual_guide":""},"aioseo_notices":[],"coauthors":[],"author_meta":{"author_link":"https:\/\/eatonblog.cl\/home\/author\/admin\/","display_name":"admin"},"relative_dates":{"created":"Posted 6 a\u00f1os ago","modified":"Updated 5 a\u00f1os ago"},"absolute_dates":{"created":"Posted on Febrero 26, 2020","modified":"Updated on Octubre 26, 2020"},"absolute_dates_time":{"created":"Posted on Febrero 26, 2020 12:34 pm","modified":"Updated on Octubre 26, 2020 5:28 pm"},"featured_img_caption":"","featured_img":false,"series_order":"","_links":{"self":[{"href":"https:\/\/eatonblog.cl\/home\/wp-json\/wp\/v2\/pages\/129"}],"collection":[{"href":"https:\/\/eatonblog.cl\/home\/wp-json\/wp\/v2\/pages"}],"about":[{"href":"https:\/\/eatonblog.cl\/home\/wp-json\/wp\/v2\/types\/page"}],"author":[{"embeddable":true,"href":"https:\/\/eatonblog.cl\/home\/wp-json\/wp\/v2\/users\/1"}],"replies":[{"embeddable":true,"href":"https:\/\/eatonblog.cl\/home\/wp-json\/wp\/v2\/comments?post=129"}],"version-history":[{"count":10,"href":"https:\/\/eatonblog.cl\/home\/wp-json\/wp\/v2\/pages\/129\/revisions"}],"predecessor-version":[{"id":784,"href":"https:\/\/eatonblog.cl\/home\/wp-json\/wp\/v2\/pages\/129\/revisions\/784"}],"wp:attachment":[{"href":"https:\/\/eatonblog.cl\/home\/wp-json\/wp\/v2\/media?parent=129"}],"curies":[{"name":"wp","href":"https:\/\/api.w.org\/{rel}","templated":true}]}}